{"id":174,"date":"2021-12-09T16:52:59","date_gmt":"2021-12-09T13:52:59","guid":{"rendered":"http:\/\/kuldigassenioruskola.lv\/?page_id=174"},"modified":"2021-12-09T16:55:14","modified_gmt":"2021-12-09T13:55:14","slug":"aktivo-iedzivotaju-fonda-finansiali-atbalstits-projekts","status":"publish","type":"page","link":"https:\/\/kuldigassenioruskola.lv\/index.php\/aktivo-iedzivotaju-fonda-finansiali-atbalstits-projekts\/","title":{"rendered":"Akt\u012bvo iedz\u012bvot\u0101ju fonda finansi\u0101li atbalst\u012bts projekts"},"content":{"rendered":"\n<p>Kapacit\u0101tes projekti programm\u0101 Ilgtsp\u0113ja un kapacit\u0101te<\/p>\n\n\n\n<p>Projekta nosaukums: <strong>\u201cUzdro\u0161inies, iesaisties\u201d<\/strong> (&#8220;Dare, get involved&#8221;)<\/p>\n\n\n\n<p>Projekta ilgums:<\/p>\n\n\n\n<p>No 2021-06 l\u012bdz 2023-05 (24 m\u0113n.)<\/p>\n\n\n\n<p>Projekta bud\u017eets: 10 607.78 EUR<\/p>\n\n\n\n<p>Projekta kontaktpersona: Ruta Orlova, e-pasts: ruta.orlova@gmail.com, tel.: 26467724<\/p>\n\n\n\n<p>Projekta m\u0113r\u0137is:<\/p>\n\n\n\n<p>Stiprin\u0101t biedr\u012bbas kapacit\u0101ti, da\u017e\u0101dojot finan\u0161u avotus, uzlabojot biedr\u012bbas vad\u012bbas kompetences, k\u0101 ar\u012b izveidojot m\u016bsdien\u012bgu m\u0101jas lapu sazi\u0146as un inform\u0101cijas nodro\u0161in\u0101\u0161anai un apritei.<\/p>\n\n\n\n<p>Projekta viz\u012btkarte:<\/p>\n\n\n\n<p>Kuld\u012bgas Senioru skola uzs\u0101k dal\u012bbu Akt\u012bvo iedz\u012bvot\u0101ju fonda kapacit\u0101tes projekt\u0101 ar m\u0113r\u0137i stiprin\u0101t organiz\u0101cijas ilgtsp\u0113ju un kapacit\u0101ti, da\u017e\u0101dojot finan\u0161u avotus, uzlabojot biedr\u012bbas vad\u012bbas kompetences, k\u0101 ar\u012b izveidojot m\u016bsdien\u012bgu m\u0101jaslapu www.kuldigassenioruskola.lv sazi\u0146as un inform\u0101cijas nodro\u0161in\u0101\u0161anai un apritei. Organiz\u0101cijas vad\u012bba un br\u012bvpr\u0101t\u012bgie ieg\u016bs zin\u0101\u0161anas darb\u0101 ar senioriem, projektu rakst\u012b\u0161an\u0101, senioru intere\u0161u aizst\u0101v\u012bb\u0101, pas\u0101kumu organiz\u0113\u0161an\u0101, jaunu biedru piesaist\u0113. Uzlabosies sabiedr\u012bbas inform\u0113t\u012bba par skolas darb\u012bbu, izmantojot soci\u0101lo t\u012bklu vietnes. Aktivit\u0101\u0161u rezult\u0101t\u0101 b\u016bs sasniegti ziedot\u0101ji finan\u0161u piesaistes da\u017e\u0101do\u0161anai. Rezult\u0101t\u0101 seniori akt\u012bv\u0101k iesaist\u012bsies savas kopienas labkl\u0101j\u012bbas nodro\u0161in\u0101\u0161an\u0101, efekt\u012bv\u0101k un ar liel\u0101ku ietekmi darboties savu m\u0113r\u0137u sasnieg\u0161an\u0101. B\u016bs nodro\u0161in\u0101ta biedr\u012bbas darb\u012bba ilgtermi\u0146\u0101.<\/p>\n\n\n\n<p>Projekta viz\u012btkarte ang\u013cu valod\u0101:<\/p>\n\n\n\n<p>KULDIGA SENIOR CITIZEN SCHOOL starts participating in the Active Population Fund capacity project with the aim to strengthen the sustainability and capacity of the organization by diversifying financial sources, improving the association&#8217;s management competencies, as well as creating a modern website www.kuldigassenioruskola.lv for communication and information. The management of the organization and volunteers will gain knowledge in working with seniors, writing projects, defending the interests of seniors, organizing events, attracting new members. Public awareness of school activities through social networking sites will increase. As a result of the activities, donors will be reached for diversification of financial attraction. As a result, seniors will be more actively involved in the well-being of their community, more effective and influential in achieving their goals. The long-term operation of the association will be ensured.<\/p>\n\n\n\n<p>Aktivit\u0101tes:<\/p>\n\n\n\n<ol class=\"wp-block-list\"><li><strong>Darba grupas darbs pie situ\u0101cijas anal\u012bzes un darba pl\u0101na izstr\u0101des.<\/strong><\/li><\/ol>\n\n\n\n<p>Izstr\u0101d\u0101ta anketa senioru aptaujai.<\/p>\n\n\n\n<p>Anketa pieejama \u0161eit: <a href=\"https:\/\/forms.gle\/5netCo9KokYdetk18\">https:\/\/forms.gle\/5netCo9KokYdetk18<\/a><\/p>\n\n\n\n<div data-wp-interactive=\"core\/file\" class=\"wp-block-file\"><object data-wp-bind--hidden=\"!state.hasPdfPreview\" hidden class=\"wp-block-file__embed\" data=\"http:\/\/kuldigassenioruskola.lv\/wp-content\/uploads\/2021\/12\/Anketa.pdf\" type=\"application\/pdf\" style=\"width:100%;height:600px\" aria-label=\"Iegult Iegult Anketa..\"><\/object><a href=\"http:\/\/kuldigassenioruskola.lv\/wp-content\/uploads\/2021\/12\/Anketa.pdf\">Anketa<\/a><a href=\"http:\/\/kuldigassenioruskola.lv\/wp-content\/uploads\/2021\/12\/Anketa.pdf\" class=\"wp-block-file__button\" download>Lejupiel\u0101d\u0113t<\/a><\/div>\n\n\n\n<p>2. <strong>M\u016bsdien\u012bgas biedr\u012bbas m\u0101jas lapas izveide <\/strong><a href=\"http:\/\/www.kuldigassenioruskola.lv\"><strong>www.kuldigassenioruskola.lv<\/strong><\/a><\/p>\n\n\n\n<p>Aktivit\u0101tes \u012bsteno\u0161anas periods no 2021-06-01 l\u012bdz 2022-05-31 (12 m\u0113n.)<\/p>\n\n\n\n<ul class=\"wp-block-list\"><li><strong>Apm\u0101c\u012bbu cikls organiz\u0101cijas vad\u012bbai un br\u012bvpr\u0101t\u012bgajiem darb\u0101 ar senioriem, projektu rakst\u012b\u0161an\u0101, senioru intere\u0161u aizst\u0101v\u012bb\u0101, pas\u0101kumu organiz\u0113\u0161an\u0101, jaunu biedru piesaist\u0113, finan\u0161u piesaistes da\u017e\u0101do\u0161an\u0101.<\/strong><\/li><\/ul>\n\n\n\n<p>Aktivit\u0101tes \u012bsteno\u0161anas periods no 2021-10-01 l\u012bdz 2021-12-31 (3 m\u0113n.)<\/p>\n\n\n\n<p>M\u0101c\u012bbas notika 02.09., 09.09., 23.09., 30.09.2021.<\/p>\n\n\n\n<p>M\u0101c\u012bbas vad\u012bja Inga P\u0101vula (LU Pedago\u0123ijas un psiholo\u0123ijas fakult\u0101te-ieg\u016bt\u0101 kvalifik\u0101cija ma\u0123istra gr\u0101ds pedago\u0123ij\u0101, kvalifik\u0101cija &#8211; starpkult\u016bru superv\u012bzijas, kou\u010dings un organiz\u0101ciju att\u012bst\u012bba, ma\u0123istra gr\u0101ds person\u0101la vad\u012bb\u0101).<\/p>\n\n\n\n<p>M\u0101c\u012bb\u0101s piedal\u012bj\u0101s 37 interesenti . Notika atsevi\u0161\u0137i konsult\u0101cijas mazajai grupai \u2013 akt\u012bvam.<\/p>\n\n\n\n<p>M\u0101c\u012bbu saturs:<\/p>\n\n\n\n<ul class=\"wp-block-list\"><li>Organiz\u0101cijas iek\u0161\u0113jo resursu apzin\u0101\u0161ana un att\u012bst\u012b\u0161ana, sasniedzamu m\u0113r\u0137u izvirz\u012b\u0161ana, l\u0113mumu pie\u0146em\u0161ana, inov\u0101ciju ievie\u0161ana.<\/li><li>Komunik\u0101cijas prasmju noz\u012bme organiz\u0101cijas m\u0113r\u0137u sasnieg\u0161an\u0101, publicit\u0101tes nodro\u0161in\u0101\u0161an\u0101, jaunu biedru iesaist\u012b\u0161an\u0101 organiz\u0101cij\u0101.<\/li><li>Zin\u0101\u0161anu un prasmju ieguve un nostiprin\u0101\u0161ana sadarb\u012bbas un t\u012bklo\u0161an\u0101s att\u012bst\u012b\u0161anai ar cit\u0101m organiz\u0101cij\u0101m.<\/li><li>Komandas veido\u0161ana un salied\u0113\u0161ana att\u0101lin\u0101t\u0101s komunik\u0101cijas situ\u0101cij\u0101.<\/li><\/ul>\n\n\n\n<p><\/p>\n\n\n\n<p>3. <strong>Aktivit\u0101tes soci\u0101lo t\u012bklu vietn\u0113s, jaunu biedru piesaiste.<\/strong><\/p>\n\n\n\n<p>Aktivit\u0101tes \u012bsteno\u0161anas periods no 2021-11-01 l\u012bdz 2023-05-31 (19 m\u0113n.)<\/p>\n\n\n\n<p>4. <strong>Aktivit\u0101tes ziedot\u0101ju piesaistei<\/strong><\/p>\n\n\n\n<p>Aktivit\u0101tes \u012bsteno\u0161anas periods no 2022-01-01 l\u012bdz 2023-05-31 (17 m\u0113n.)<\/p>\n","protected":false},"excerpt":{"rendered":"<p>Kapacit\u0101tes projekti programm\u0101 Ilgtsp\u0113ja un kapacit\u0101te Projekta nosaukums: \u201cUzdro\u0161inies, iesaisties\u201d (&#8220;Dare, get involved&#8221;) Projekta ilgums: No 2021-06 l\u012bdz 2023-05 (24 m\u0113n.) Projekta bud\u017eets: 10 607.78 EUR Projekta kontaktpersona: Ruta Orlova, e-pasts: ruta.orlova@gmail.com, tel.: 26467724 Projekta m\u0113r\u0137is: Stiprin\u0101t biedr\u012bbas kapacit\u0101ti, da\u017e\u0101dojot finan\u0161u avotus, uzlabojot biedr\u012bbas vad\u012bbas kompetences, k\u0101 ar\u012b izveidojot m\u016bsdien\u012bgu m\u0101jas lapu sazi\u0146as un inform\u0101cijas [&hellip;]<\/p>\n","protected":false},"author":3,"featured_media":175,"parent":0,"menu_order":0,"comment_status":"closed","ping_status":"closed","template":"","meta":{"ngg_post_thumbnail":0,"footnotes":""},"class_list":["post-174","page","type-page","status-publish","has-post-thumbnail","hentry"],"_links":{"self":[{"href":"https:\/\/kuldigassenioruskola.lv\/index.php\/wp-json\/wp\/v2\/pages\/174","targetHints":{"allow":["GET"]}}],"collection":[{"href":"https:\/\/kuldigassenioruskola.lv\/index.php\/wp-json\/wp\/v2\/pages"}],"about":[{"href":"https:\/\/kuldigassenioruskola.lv\/index.php\/wp-json\/wp\/v2\/types\/page"}],"author":[{"embeddable":true,"href":"https:\/\/kuldigassenioruskola.lv\/index.php\/wp-json\/wp\/v2\/users\/3"}],"replies":[{"embeddable":true,"href":"https:\/\/kuldigassenioruskola.lv\/index.php\/wp-json\/wp\/v2\/comments?post=174"}],"version-history":[{"count":2,"href":"https:\/\/kuldigassenioruskola.lv\/index.php\/wp-json\/wp\/v2\/pages\/174\/revisions"}],"predecessor-version":[{"id":179,"href":"https:\/\/kuldigassenioruskola.lv\/index.php\/wp-json\/wp\/v2\/pages\/174\/revisions\/179"}],"wp:featuredmedia":[{"embeddable":true,"href":"https:\/\/kuldigassenioruskola.lv\/index.php\/wp-json\/wp\/v2\/media\/175"}],"wp:attachment":[{"href":"https:\/\/kuldigassenioruskola.lv\/index.php\/wp-json\/wp\/v2\/media?parent=174"}],"curies":[{"name":"wp","href":"https:\/\/api.w.org\/{rel}","templated":true}]}}