{"id":9,"date":"2021-07-09T09:52:18","date_gmt":"2021-07-09T09:52:18","guid":{"rendered":"http:\/\/kuldigassenioruskola.lv\/?page_id=9"},"modified":"2021-11-15T12:46:07","modified_gmt":"2021-11-15T09:46:07","slug":"contact","status":"publish","type":"page","link":"https:\/\/kuldigassenioruskola.lv\/index.php\/contact\/","title":{"rendered":"KONTAKTI"},"content":{"rendered":"\n<p><strong>Adrese<\/strong><br>Virkas iela 31 \u2013 15, Kuld\u012bga,<br>Kuld\u012bgas novads, LV-3301<\/p>\n\n\n\n<p><strong>Dati<\/strong><br>\u201cKuld\u012bgas Senioru skola\u201d<br>Tiesisk\u0101 forma Biedr\u012bba (BDR)<br>Re\u0123istr\u0101cijas numurs 40008281800<\/p>\n","protected":false},"excerpt":{"rendered":"<p>AdreseVirkas iela 31 \u2013 15, Kuld\u012bga,Kuld\u012bgas novads, LV-3301 Dati\u201cKuld\u012bgas Senioru skola\u201dTiesisk\u0101 forma Biedr\u012bba (BDR)Re\u0123istr\u0101cijas numurs 40008281800<\/p>\n","protected":false},"author":1,"featured_media":0,"parent":0,"menu_order":0,"comment_status":"closed","ping_status":"closed","template":"","meta":{"ngg_post_thumbnail":0,"footnotes":""},"class_list":["post-9","page","type-page","status-publish","hentry"],"_links":{"self":[{"href":"https:\/\/kuldigassenioruskola.lv\/index.php\/wp-json\/wp\/v2\/pages\/9","targetHints":{"allow":["GET"]}}],"collection":[{"href":"https:\/\/kuldigassenioruskola.lv\/index.php\/wp-json\/wp\/v2\/pages"}],"about":[{"href":"https:\/\/kuldigassenioruskola.lv\/index.php\/wp-json\/wp\/v2\/types\/page"}],"author":[{"embeddable":true,"href":"https:\/\/kuldigassenioruskola.lv\/index.php\/wp-json\/wp\/v2\/users\/1"}],"replies":[{"embeddable":true,"href":"https:\/\/kuldigassenioruskola.lv\/index.php\/wp-json\/wp\/v2\/comments?post=9"}],"version-history":[{"count":4,"href":"https:\/\/kuldigassenioruskola.lv\/index.php\/wp-json\/wp\/v2\/pages\/9\/revisions"}],"predecessor-version":[{"id":69,"href":"https:\/\/kuldigassenioruskola.lv\/index.php\/wp-json\/wp\/v2\/pages\/9\/revisions\/69"}],"wp:attachment":[{"href":"https:\/\/kuldigassenioruskola.lv\/index.php\/wp-json\/wp\/v2\/media?parent=9"}],"curies":[{"name":"wp","href":"https:\/\/api.w.org\/{rel}","templated":true}]}}