{"id":957,"date":"2023-07-23T12:14:49","date_gmt":"2023-07-23T09:14:49","guid":{"rendered":"http:\/\/kuldigassenioruskola.lv\/index.php\/muzika-un-rozes-darza-svetkos\/"},"modified":"2023-07-23T12:14:49","modified_gmt":"2023-07-23T09:14:49","slug":"muzika-un-rozes-darza-svetkos","status":"publish","type":"page","link":"https:\/\/kuldigassenioruskola.lv\/index.php\/muzika-un-rozes-darza-svetkos\/","title":{"rendered":"M\u016aZIKA UN ROZES D\u0100RZA SV\u0112TKOS"},"content":{"rendered":"ngg_shortcode_0_placeholder\n","protected":false},"excerpt":{"rendered":"","protected":false},"author":3,"featured_media":0,"parent":0,"menu_order":0,"comment_status":"closed","ping_status":"closed","template":"","meta":{"ngg_post_thumbnail":0,"footnotes":""},"class_list":["post-957","page","type-page","status-publish","hentry"],"_links":{"self":[{"href":"https:\/\/kuldigassenioruskola.lv\/index.php\/wp-json\/wp\/v2\/pages\/957","targetHints":{"allow":["GET"]}}],"collection":[{"href":"https:\/\/kuldigassenioruskola.lv\/index.php\/wp-json\/wp\/v2\/pages"}],"about":[{"href":"https:\/\/kuldigassenioruskola.lv\/index.php\/wp-json\/wp\/v2\/types\/page"}],"author":[{"embeddable":true,"href":"https:\/\/kuldigassenioruskola.lv\/index.php\/wp-json\/wp\/v2\/users\/3"}],"replies":[{"embeddable":true,"href":"https:\/\/kuldigassenioruskola.lv\/index.php\/wp-json\/wp\/v2\/comments?post=957"}],"version-history":[{"count":0,"href":"https:\/\/kuldigassenioruskola.lv\/index.php\/wp-json\/wp\/v2\/pages\/957\/revisions"}],"wp:attachment":[{"href":"https:\/\/kuldigassenioruskola.lv\/index.php\/wp-json\/wp\/v2\/media?parent=957"}],"curies":[{"name":"wp","href":"https:\/\/api.w.org\/{rel}","templated":true}]}}